{"id":99320,"date":"2025-10-27T10:10:13","date_gmt":"2025-10-27T13:10:13","guid":{"rendered":"https:\/\/gugaribas.com.br\/?post_type=product&#038;p=99320"},"modified":"2025-12-04T11:31:10","modified_gmt":"2025-12-04T14:31:10","slug":"gr-comfort-logo-shirt-woman-size","status":"publish","type":"product","link":"https:\/\/www.gugaribas.com.br\/en\/produto\/gr-comfort-logo-shirt-woman-size\/","title":{"rendered":"GR Comfort Logo Shirt Woman Size"},"content":{"rendered":"<p data-start=\"65\" data-end=\"232\">Comfort and consistency \u2014 every shirt in the Comfort line was designed to be as comfortable as possible, made with lightweight materials that provide an excellent fit.<\/p>\n<p data-start=\"234\" data-end=\"405\">They are perfect for training, running, casual outings, and everyday wear, while still maintaining the elegance needed for places like the mall, theater, cinema, and more.<\/p>\n<p data-start=\"407\" data-end=\"437\"><strong data-start=\"407\" data-end=\"423\">Composition:<\/strong><br data-start=\"423\" data-end=\"426\" \/>100% cotton<\/p>\n<h3><strong>Sizes:<\/strong><\/h3>\n<table id=\"wp-table-reloaded-id-10-no-1\" class=\"wp-table-reloaded wp-table-reloaded-id-10\" style=\"height: 163px;\" width=\"432\">\n<thead>\n<tr class=\"row-1 odd\">\n<th class=\"column-1\">BR (cm)<\/th>\n<th class=\"column-2\">Largura x Altura<\/th>\n<th class=\"column-3\">Int&#8217;l (polegada\/inch)<\/th>\n<th class=\"column-4\">Width x Height<\/th>\n<\/tr>\n<\/thead>\n<tbody>\n<tr class=\"row-2 even\">\n<td class=\"column-1\">P<\/td>\n<td class=\"column-2\">42cm x 62cm<\/td>\n<td class=\"column-3\">S<\/td>\n<td class=\"column-4\">16,53&#8221; x 24,41&#8221;<\/td>\n<\/tr>\n<tr class=\"row-3 odd\">\n<td class=\"column-1\">M<\/td>\n<td class=\"column-2\">45cm x 63cm<\/td>\n<td class=\"column-3\">M<\/td>\n<td class=\"column-4\">17,71&#8221; x 24,80&#8221;<\/td>\n<\/tr>\n<tr class=\"row-4 even\">\n<td class=\"column-1\">G<\/td>\n<td class=\"column-2\">48cm x 65cm<\/td>\n<td class=\"column-3\">L<\/td>\n<td class=\"column-4\">18,89&#8221; x 25,6&#8221;<\/td>\n<\/tr>\n<tr class=\"row-5 odd\">\n<td class=\"column-1\">GG<\/td>\n<td class=\"column-2\">0cm x 0cm<\/td>\n<td class=\"column-3\">XL<\/td>\n<td class=\"column-4\">0&#8221; x 0&#8221;<\/td>\n<\/tr>\n<tr class=\"row-6 even\">\n<td class=\"column-1\">3G<\/td>\n<td class=\"column-2\">0cm x 0cm<\/td>\n<td class=\"column-3\">XXL<\/td>\n<td class=\"column-4\">0&#8221; x 0&#8221;<\/td>\n<\/tr>\n<\/tbody>\n<\/table>\n<p><strong>*A <em>Camisa Logo Comfort GR &#8211; Modelo Feminino<\/em>\u00a0tem garantia vital\u00edcia contra defeito de fabrica\u00e7\u00e3o. A garantia n\u00e3o abrange o desgaste normal ou uso indevido do produto, portanto \u00e9 importante que o cliente entre em contato conosco para analisarmos eventuais casos.<\/strong><\/p>\n","protected":false},"excerpt":{"rendered":"<ul>\n<li>Elegant<\/li>\n<li>Comfortable<\/li>\n<li>Lightweight<\/li>\n<li>Lifetime Warranty*<\/li>\n<\/ul>\n<p><strong><a href=\"#tab-description\">Mais detalhes<\/a><\/strong><\/p>\n","protected":false},"featured_media":2779,"comment_status":"closed","ping_status":"closed","template":"","meta":[],"product_brand":[],"product_cat":[],"product_tag":[],"class_list":{"0":"post-99320","1":"product","2":"type-product","3":"status-publish","4":"has-post-thumbnail","7":"first","8":"instock","9":"shipping-taxable","10":"product-type-variable"},"_links":{"self":[{"href":"https:\/\/www.gugaribas.com.br\/en\/wp-json\/wp\/v2\/product\/99320","targetHints":{"allow":["GET"]}}],"collection":[{"href":"https:\/\/www.gugaribas.com.br\/en\/wp-json\/wp\/v2\/product"}],"about":[{"href":"https:\/\/www.gugaribas.com.br\/en\/wp-json\/wp\/v2\/types\/product"}],"replies":[{"embeddable":true,"href":"https:\/\/www.gugaribas.com.br\/en\/wp-json\/wp\/v2\/comments?post=99320"}],"wp:featuredmedia":[{"embeddable":true,"href":"https:\/\/www.gugaribas.com.br\/en\/wp-json\/wp\/v2\/media\/2779"}],"wp:attachment":[{"href":"https:\/\/www.gugaribas.com.br\/en\/wp-json\/wp\/v2\/media?parent=99320"}],"wp:term":[{"taxonomy":"product_brand","embeddable":true,"href":"https:\/\/www.gugaribas.com.br\/en\/wp-json\/wp\/v2\/product_brand?post=99320"},{"taxonomy":"product_cat","embeddable":true,"href":"https:\/\/www.gugaribas.com.br\/en\/wp-json\/wp\/v2\/product_cat?post=99320"},{"taxonomy":"product_tag","embeddable":true,"href":"https:\/\/www.gugaribas.com.br\/en\/wp-json\/wp\/v2\/product_tag?post=99320"}],"curies":[{"name":"wp","href":"https:\/\/api.w.org\/{rel}","templated":true}]}}